{"id":1342,"date":"2019-04-16T10:23:54","date_gmt":"2019-04-16T08:23:54","guid":{"rendered":"http:\/\/www.snowpromotion.de\/CMS_SP_DE\/?page_id=1342"},"modified":"2019-04-17T09:18:32","modified_gmt":"2019-04-17T07:18:32","slug":"cookie-richtlinien","status":"publish","type":"page","link":"https:\/\/www.snowpromotion.de\/CMS_SP_DE\/cookie-richtlinien\/","title":{"rendered":"Cookie Richtlinien"},"content":{"rendered":"<div class=\"cli_pg_page_contaner\">\n<h3>\u00dcber diese Cookie-Richtlinien<\/h3>\n<div>\n<p>Diese Cookie-Richtlinie erl\u00e4utert, was Cookies sind und wie wir sie verwenden. Sie sollten diese Richtlinie lesen, um zu verstehen, was Cookies sind, wie wir sie verwenden, welche Arten von Cookies wir verwenden, die Informationen, die wir mithilfe von Cookies sammeln, und wie diese Informationen verwendet werden, und wie die Cookie-Einstellungen gesteuert werden. Weitere Informationen zur Verwendung, Speicherung und Sicherung Ihrer pers\u00f6nlichen Daten finden Sie in unserer Datenschutzerkl\u00e4rung.<\/p>\n<p>Ihre Zustimmung gilt f\u00fcr die folgenden Domains: <a href=\"https:\/\/www.snowpromotion.de\/CMS_SP_DE\">www.snowpromotion.de<\/a><\/p>\n<p>Sie k\u00f6nnen jederzeit Ihre Zustimmung zu der Cookie-Erkl\u00e4rung auf unserer Website \u00e4ndern oder widerrufen.<\/p>\n<p>Erfahren Sie mehr dar\u00fcber, wer wir sind, wie Sie mit uns in Kontakt treten k\u00f6nnen und wie wir personenbezogene Daten in unserer Datenschutzrichtlinie verarbeiten.<\/p>\n<div class=\"cli_user_consent_state\">Dein aktueller Status: Keine Einwilligung erteilt. <a class=\"cli_manage_current_consent\" style=\"cursor:pointer;text-decoration:underline;\">Verwalte deine Einwilligung<\/a> <\/div>\n<\/div>\n<h3>\nWas sind Cookies?<\/h3>\n<div>\n<p>Cookies sind kleine Textdateien, in denen kleine Informationen gespeichert werden. Die Cookies werden auf Ihrem Ger\u00e4t gespeichert, wenn die Website in Ihren Browser geladen wird. Diese Cookies helfen uns dabei, die Website ordnungsgem\u00e4\u00df zu betreiben, die Website sicherer zu machen, die Benutzererfahrung zu verbessern und zu verstehen, wie die Website funktioniert, und zu analysieren, was funktioniert und wo Verbesserungen erforderlich sind.<\/p>\n<\/div>\n<h3>\nWie setzen wir Cookies ein?<\/h3>\n<div>\n<div class=\"oSioSc\">\n<div id=\"tw-target\">\n<div id=\"tw-target-text-container\" class=\"gsrt tw-ta-container tw-nfl\">\n<p id=\"tw-target-text\" class=\"tw-data-text tw-ta tw-text-small\" dir=\"ltr\" data-placeholder=\"\u00dcbersetzung\"><span lang=\"de\" tabindex=\"0\">Wie bei den meisten Onlinediensten verwendet unsere Website Cookies, Cookies von Drittanbietern und Drittanbietern f\u00fcr eine Reihe von Zwecken. Die Erstanbieter-Cookies sind meistens erforderlich, damit die Website richtig funktioniert, und sie sammeln keine Ihrer personenbezogenen Daten.\u00a0Die auf unseren Websites verwendeten Cookies von Drittanbietern werden haupts\u00e4chlich dazu verwendet, zu verstehen, wie sich die Website verh\u00e4lt, wie Sie mit unserer Website interagieren, die Sicherheit unserer Dienste gew\u00e4hrleisten, Anzeigen bereitstellen, die f\u00fcr Sie relevant sind, und alles in allem, um Ihnen ein besseres und besseres Angebot zu bieten Benutzererfahrung und helfen, Ihre zuk\u00fcnftigen Interaktionen mit unserer Website zu beschleunigen.<\/span><\/p>\n<\/div>\n<\/div>\n<\/div>\n<\/div>\n<h3>\nWelche Arten von Cookies nutzen wir?<\/h3>\n<div>\n<p><strong>Unverzichtbar<\/strong>: Einige Cookies sind unerl\u00e4sslich, damit Sie die volle Funktionalit\u00e4t unserer Website nutzen k\u00f6nnen. Sie erm\u00f6glichen es uns, Benutzersitzungen aufrechtzuerhalten und Sicherheitsbedrohungen zu vermeiden. Sie sammeln oder speichern keine pers\u00f6nlichen Informationen. Mit diesen Cookies k\u00f6nnen Sie sich beispielsweise bei Ihrem Konto anmelden und Produkte sicher in Ihren Warenkorb legen und sicher bezahlen.<\/p>\n<p><strong>Statistiken<\/strong>: Diese Cookies speichern Informationen wie die Anzahl der Besucher der Website, die Anzahl der einzelnen Besucher, welche Seiten der Website besucht wurden, die Quelle des Besuchs usw. Diese Daten helfen uns zu verstehen und zu analysieren, wie gut die Website funktioniert und welche Leistung sie haben wo es verbessert werden muss.<\/p>\n<p><strong>Marketing<\/strong>: Auf unserer Website werden Anzeigen geschaltet. Diese Cookies werden verwendet, um die Werbung, die wir Ihnen zeigen, so zu personalisieren, dass sie f\u00fcr Sie sinnvoll ist. Diese Cookies helfen uns auch dabei, die Effizienz dieser Werbekampagnen zu verfolgen.\u00a0Die in diesen Cookies gespeicherten Informationen k\u00f6nnen auch von Drittanbieter-Anzeigenanbietern verwendet werden, um Anzeigen auf anderen Websites im Browser anzuzeigen.<\/p>\n<p><strong>Funktional<\/strong>: Hierbei handelt es sich um Cookies, die bestimmte nicht wesentliche Funktionen unserer Website unterst\u00fctzen. Diese Funktionen umfassen das Einbetten von Inhalten wie Videos oder das Teilen von Inhalten auf der Website auf Social-Media-Plattformen.<\/p>\n<p><strong>Einstellungen<\/strong>: Diese Cookies helfen uns, Ihre Einstellungen und Browsereinstellungen wie Spracheinstellungen zu speichern, damit Sie bei zuk\u00fcnftigen Besuchen der Website ein besseres und effizienteres Erlebnis erhalten.\u00a0<\/p>\n<\/div>\n<h3>\nWie kann ich die Cookie-Einstellungen steuern?<\/h3>\n<div>\n<p>Wenn Sie sich dazu entscheiden, Ihre Einstellungen sp\u00e4ter in Ihrer Browsersitzung zu \u00e4ndern, klicken Sie auf die Registerkarte &#8222;Datenschutz- und Cookie-Richtlinien&#8220; auf Ihrem Bildschirm. Daraufhin wird erneut die Einwilligungserkl\u00e4rung angezeigt, in der Sie Ihre Einstellungen \u00e4ndern oder Ihre Einwilligung vollst\u00e4ndig widerrufen k\u00f6nnen.<\/p>\n<p>Dar\u00fcber hinaus bieten verschiedene Browser verschiedene Methoden zum Blockieren und L\u00f6schen von Cookies, die von Websites verwendet werden. Sie k\u00f6nnen die Einstellungen Ihres Browsers \u00e4ndern, um die Cookies zu blockieren oder zu l\u00f6schen. Weitere Informationen zum Verwalten und L\u00f6schen von Cookies finden Sie unter wikipedia.org, www.allaboutcookies.org.<\/p>\n<\/div>\n<\/div>\n","protected":false},"excerpt":{"rendered":"<p>\u00dcber diese Cookie-Richtlinien Diese Cookie-Richtlinie erl\u00e4utert, was Cookies sind und wie wir sie verwenden. Sie sollten diese Richtlinie lesen, um zu verstehen, was Cookies sind, wie wir sie verwenden, welche Arten von Cookies wir verwenden, die Informationen, die wir mithilfe von Cookies sammeln, und wie diese Informationen verwendet werden, und wie die Cookie-Einstellungen gesteuert werden. [&hellip;]<\/p>\n","protected":false},"author":1,"featured_media":0,"parent":0,"menu_order":0,"comment_status":"closed","ping_status":"closed","template":"","meta":{"footnotes":""},"class_list":["post-1342","page","type-page","status-publish","hentry"],"_links":{"self":[{"href":"https:\/\/www.snowpromotion.de\/CMS_SP_DE\/wp-json\/wp\/v2\/pages\/1342","targetHints":{"allow":["GET"]}}],"collection":[{"href":"https:\/\/www.snowpromotion.de\/CMS_SP_DE\/wp-json\/wp\/v2\/pages"}],"about":[{"href":"https:\/\/www.snowpromotion.de\/CMS_SP_DE\/wp-json\/wp\/v2\/types\/page"}],"author":[{"embeddable":true,"href":"https:\/\/www.snowpromotion.de\/CMS_SP_DE\/wp-json\/wp\/v2\/users\/1"}],"replies":[{"embeddable":true,"href":"https:\/\/www.snowpromotion.de\/CMS_SP_DE\/wp-json\/wp\/v2\/comments?post=1342"}],"version-history":[{"count":6,"href":"https:\/\/www.snowpromotion.de\/CMS_SP_DE\/wp-json\/wp\/v2\/pages\/1342\/revisions"}],"predecessor-version":[{"id":1346,"href":"https:\/\/www.snowpromotion.de\/CMS_SP_DE\/wp-json\/wp\/v2\/pages\/1342\/revisions\/1346"}],"wp:attachment":[{"href":"https:\/\/www.snowpromotion.de\/CMS_SP_DE\/wp-json\/wp\/v2\/media?parent=1342"}],"curies":[{"name":"wp","href":"https:\/\/api.w.org\/{rel}","templated":true}]}}